{"id":44,"date":"2023-02-02T10:17:10","date_gmt":"2023-02-02T10:17:10","guid":{"rendered":"https:\/\/mariacolla.com\/?page_id=44"},"modified":"2023-02-02T10:34:09","modified_gmt":"2023-02-02T10:34:09","slug":"bio","status":"publish","type":"page","link":"https:\/\/mariacolla.com\/?page_id=44","title":{"rendered":"Bio"},"content":{"rendered":"\n<p class=\"has-text-color has-medium-font-size\" style=\"color:#666666\">Mexicana nacida en Argentina. Orgullosa de ser disc\u00edpulo de su mejor Maestra, amiga y madre: Nilda Chiaraviglio. Reside en M\u00e9xico desde hace 45 a\u00f1os, entre los cuales vivi\u00f3 y estudi\u00f3 cuatro en Los Angeles, CA. Despu\u00e9s de haber crecido y estudiado en la Ciudad de M\u00e9xico, hoy elige la Riviera Maya como el para\u00edso en el que le encanta vivir, establecer su consultorio, construir una nueva vida y relaci\u00f3n de pareja, y seguir aprendiendo, trabajando en ella, y buscando conocerse y cuidarse cada vez mejor.<\/p>\n\n\n\n<p class=\"has-text-color has-medium-font-size\" style=\"color:#666666\">Desde los 11 a\u00f1os empez\u00f3 psicoterapia sist\u00e9mica personal con el Dr. Ignacio Maldonado. A los 13 curs\u00f3 el Entrenamiento de Conciencia Integral y Religiones Comparativas (Arturo Escand\u00f3n \u00abKharsim\u00bb), as\u00ed como Eneagrama (Rafael Ruiz), Programaci\u00f3n Neuroling\u00fc\u00edstica (PNL), Conciencia de Salud (Martha S\u00e1nchez Navarro), y Presence Process (Michael Brown).<\/p>\n\n\n\n<p class=\"has-text-color has-medium-font-size\" style=\"color:#666666\">Durante 12 a\u00f1os sigui\u00f3 prepar\u00e1ndose a trav\u00e9s de cursos intensivos de desarrollo humano y cuestionamiento racional, en los cuales realiz\u00f3 cerca de 5,000 horas de pr\u00e1ctica al convertirse en facilitadora de los mismos y siendo mentor de grupos, maestra y coach.<\/p>\n\n\n\n<p class=\"has-text-color has-medium-font-size\" style=\"color:#666666\">Se recibi\u00f3 de la carrera de arquitectura en la Universidad Iberoamericana y trabaj\u00f3 con los arquitectos Alberto Kalach y Daniel \u00c1lvarez.<\/p>\n\n\n\n<p class=\"has-text-color has-medium-font-size\" style=\"color:#666666\">Empez\u00f3 su carrera de actriz modelando, conduciendo varios programas de televisi\u00f3n, estelarizando la primera pel\u00edcula en la que apareci\u00f3 as\u00ed como algunos cortometrajes, y estudiando teatro en las mejores escuelas de M\u00e9xico y EEUU (Casa del Teatro, la Escuela de Formaci\u00f3n Art\u00edstica de TVAzteca (CEFAT), Ren\u00e9 Pereira, The Larry Moss Studio).<\/p>\n\n\n<div class=\"wp-block-image\">\n<figure class=\"aligncenter size-large\"><img decoding=\"async\" loading=\"lazy\" width=\"1024\" height=\"1024\" src=\"https:\/\/mariacolla.com\/wp-content\/uploads\/2023\/02\/604991dc-df95-44c7-923f-dad1d83614c6-1024x1024.jpg\" alt=\"\" class=\"wp-image-60\" srcset=\"https:\/\/mariacolla.com\/wp-content\/uploads\/2023\/02\/604991dc-df95-44c7-923f-dad1d83614c6-1024x1024.jpg 1024w, https:\/\/mariacolla.com\/wp-content\/uploads\/2023\/02\/604991dc-df95-44c7-923f-dad1d83614c6-300x300.jpg 300w, https:\/\/mariacolla.com\/wp-content\/uploads\/2023\/02\/604991dc-df95-44c7-923f-dad1d83614c6-150x150.jpg 150w, https:\/\/mariacolla.com\/wp-content\/uploads\/2023\/02\/604991dc-df95-44c7-923f-dad1d83614c6-768x769.jpg 768w, https:\/\/mariacolla.com\/wp-content\/uploads\/2023\/02\/604991dc-df95-44c7-923f-dad1d83614c6-116x116.jpg 116w, https:\/\/mariacolla.com\/wp-content\/uploads\/2023\/02\/604991dc-df95-44c7-923f-dad1d83614c6.jpg 1080w\" sizes=\"(max-width: 1024px) 100vw, 1024px\" \/><\/figure><\/div>\n\n\n<p class=\"has-text-color has-medium-font-size\" style=\"color:#666666\">Durante el tiempo que vivi\u00f3 en EEUU, y como parte de su \u201cterapia\u201d para recuperar movilidad despu\u00e9s de cuatro infartos cerebrales, empez\u00f3 su pr\u00e1ctica de yoga, que despu\u00e9s profundiz\u00f3 cursando tres certificaciones con distintas ramas y maestros (Hatha, Filosof\u00eda y Meditaci\u00f3n con Marcos Jassan, Iyengar para ni\u00f1os con J\u00f1ana Dakini, y Iyengar nivel avanzado para adultos). Tambi\u00e9n tom\u00f3 talleres de Tantra con Teresa Vega y yoga t\u00e1ntrica con Ann Moxey.<\/p>\n\n\n\n<p class=\"has-text-color has-medium-font-size\" style=\"color:#666666\">Empez\u00f3 su pr\u00e1ctica de meditaci\u00f3n en Siddha Yoga Meditation Center, Los Angeles, CA, y sigui\u00f3 con Marcos Jassan, Brian Weiss, Thich Nhat Hanh (retiro de silencio Mindfulness y Equilibrio Emocional, Plum Village 2002), Happiness the Art of Living, Gurumayi Chidvilasananda, Bren\u00e9e Brown, Deepak Chopra y Master Charles entre otros.<\/p>\n\n\n\n<p class=\"has-text-color has-medium-font-size\" style=\"color:#666666\">Se interes\u00f3 tambi\u00e9n en el estudio y desarrollo de la conciencia corporal a trav\u00e9s de la relaci\u00f3n entre yoga, distintos tipos de artes marciales, nutrici\u00f3n integral, meditaci\u00f3n y manejo de emociones (exo|eso). Particip\u00f3 en la creaci\u00f3n y estructuraci\u00f3n de este programa, as\u00ed como la formaci\u00f3n y entrenamiento de maestros para el mismo. Actualmente disfruta su pr\u00e1ctica de yoga diaria.<\/p>\n\n\n\n<p class=\"has-text-color has-medium-font-size\" style=\"color:#666666\">En una l\u00ednea completamente diferente, y probablemente relacionado tambi\u00e9n con la estructura mental que obtuvo de la arquitectura, incursion\u00f3 en diversos proyectos de inversi\u00f3n de capital privado que van desde la Industria del transporte y compraventa de acciones de diferentes empresas (Uber, FB, MoneyBack, Stock exchange y BMV) e inmobiliaria (Jade Miami, Jade Beach, Carbonell, Asia, Sol\u00e9, Miravento, entre otros), hasta la restaurantera (Mi Bul\u00edn, Osaka M\u00e9xico, Lucy Shanghai, Bar Tomate, y Cuines).<\/p>\n\n\n\n<p class=\"has-text-color has-medium-font-size\" style=\"color:#666666\">Decidi\u00f3 formar una familia y al mismo tiempo prepararse tambi\u00e9n en c\u00f3mo ser madre y administrar una peque\u00f1a empresa (su casa). Emilio, Marcelo y Chiara se volvieron el motor para seguir aprendiendo acerca del desarrollo humano en diferentes etapas, el manejo de la sexualidad, la relaci\u00f3n entre padres e hijos, as\u00ed como diferentes recursos para guiar, acompa\u00f1ar, comprender, y mejorar la comunicaci\u00f3n entre ellos. A partir del 2003 inici\u00f3 sus estudios en Proyecto DEI, Escuela Para Padres (Vidal Schmill), y m\u00e1s tarde en diversos talleres de Carolina Villalobos y cursos intensivos como Family Values, de Executive Success Programs.<\/p>\n\n\n\n<p class=\"has-text-color has-medium-font-size\" style=\"color:#666666\">Se capacit\u00f3 en el programa de Jness Complete durante 12 a\u00f1os y trabaj\u00f3 con grupos de mujeres durante 8 a\u00f1os explorando temas distintos para aumentar el desarrollo de conciencia, identidad y autoconocimiento a trav\u00e9s de las diferencias fundamentales entre hombres y mujeres. Anfitriona y gu\u00eda del mayor, m\u00e1s concurrido y m\u00e1s consistente \u201cFriendship Group\u00bb entre Albany, NYC, Vancouver, Le\u00f3n, Monterrey, Londres, etc.<\/p>\n\n\n\n<p class=\"has-text-color has-medium-font-size\" style=\"color:#666666\">Estudi\u00f3 con Nilda Chiaraviglio en el Taller de Sexualidad Consciente y se gradu\u00f3 en el Diplomado \u201cEl Placer de Amar\u201d, mismo que est\u00e1 traduciendo al ingl\u00e9s por petici\u00f3n de sus participantes, al igual que su m\u00e1s reciente libro, \u00abLa Pareja NO Existe\u00bb.<\/p>\n\n\n\n<p class=\"has-text-color has-medium-font-size\" style=\"color:#666666\">En 2022 se convirti\u00f3 en directora general de la <a rel=\"noreferrer noopener\" href=\"https:\/\/aluxiiktulum.com\/collections\/maria-colla\/MAR%C3%8DA-COLLA\" target=\"_blank\">Galer\u00eda de Arte Aluxiik<\/a>, donde tambi\u00e9n participa como una de las integrantes de su directorio de artistas, y recientemente coordin\u00f3 el desarrollo y arranque de su e-commerce.<\/p>\n\n\n\n<p class=\"has-text-color has-medium-font-size\" style=\"color:#666666\">Libre por naturaleza y educaci\u00f3n, estructurada por gusto y conveniencia, enamorada de la vida y el aprendizaje constante, el crecimiento personal, los viajes, los caballos, el arte, la comida sana, los helados, las relaciones humanas y sus perros.<\/p>\n\n\n\n<p class=\"has-text-color has-medium-font-size\" style=\"color:#666666\">Le encanta ver crecer a las personas y hacer crecer tambi\u00e9n sue\u00f1os y proyectos propios y ajenos.<\/p>\n\n\n\n<p class=\"has-text-color has-medium-font-size\" style=\"color:#666666\">Adicta a la comunicaci\u00f3n abierta y honesta, a cuidar su cuerpo, su mente y su coraz\u00f3n, a su pr\u00e1ctica constante de yoga, al mar, la arquitectura, el cine, la m\u00fasica, el arte en casi cualquiera de sus expresiones, y el descubrimiento de lugares y personas llenas de magia y de luz.<\/p>\n\n\n\n<p class=\"has-text-color has-medium-font-size\" style=\"color:#666666\">Naci\u00f3 para aprender a amar de manera verdad y a acompa\u00f1ar en su camino a quienes quieran tambi\u00e9n aprender a hacerlo.<\/p>\n","protected":false},"excerpt":{"rendered":"<p>Mexicana nacida en Argentina. Orgullosa de ser disc\u00edpulo de su mejor Maestra, amiga y madre: Nilda Chiaraviglio. Reside en M\u00e9xico desde hace 45 a\u00f1os, entre los cuales vivi\u00f3 y estudi\u00f3 cuatro en Los Angeles, CA. Despu\u00e9s de haber crecido y estudiado en la Ciudad de&nbsp;<a class=\"read-more\" href=\"https:\/\/mariacolla.com\/?page_id=44\">&hellip;<\/a><\/p>\n","protected":false},"author":1,"featured_media":58,"parent":0,"menu_order":0,"comment_status":"closed","ping_status":"closed","template":"template-full.php","meta":[],"_links":{"self":[{"href":"https:\/\/mariacolla.com\/index.php?rest_route=\/wp\/v2\/pages\/44"}],"collection":[{"href":"https:\/\/mariacolla.com\/index.php?rest_route=\/wp\/v2\/pages"}],"about":[{"href":"https:\/\/mariacolla.com\/index.php?rest_route=\/wp\/v2\/types\/page"}],"author":[{"embeddable":true,"href":"https:\/\/mariacolla.com\/index.php?rest_route=\/wp\/v2\/users\/1"}],"replies":[{"embeddable":true,"href":"https:\/\/mariacolla.com\/index.php?rest_route=%2Fwp%2Fv2%2Fcomments&post=44"}],"version-history":[{"count":6,"href":"https:\/\/mariacolla.com\/index.php?rest_route=\/wp\/v2\/pages\/44\/revisions"}],"predecessor-version":[{"id":62,"href":"https:\/\/mariacolla.com\/index.php?rest_route=\/wp\/v2\/pages\/44\/revisions\/62"}],"wp:featuredmedia":[{"embeddable":true,"href":"https:\/\/mariacolla.com\/index.php?rest_route=\/wp\/v2\/media\/58"}],"wp:attachment":[{"href":"https:\/\/mariacolla.com\/index.php?rest_route=%2Fwp%2Fv2%2Fmedia&parent=44"}],"curies":[{"name":"wp","href":"https:\/\/api.w.org\/{rel}","templated":true}]}}